{"id":559,"date":"2023-12-12T13:24:44","date_gmt":"2023-12-12T12:24:44","guid":{"rendered":"https:\/\/lmteurope.biz\/?page_id=559"},"modified":"2023-12-12T13:24:44","modified_gmt":"2023-12-12T12:24:44","slug":"note-legali","status":"publish","type":"page","link":"https:\/\/lmteurope.biz\/index.php\/note-legali\/","title":{"rendered":"Note Legali"},"content":{"rendered":"\n<div class=\"wp-block-cover alignfull\" style=\"min-height:148px;aspect-ratio:unset;\"><span aria-hidden=\"true\" class=\"wp-block-cover__background has-background-dim-60 has-background-dim\"><\/span><img loading=\"lazy\" decoding=\"async\" width=\"2048\" height=\"836\" class=\"wp-block-cover__image-background wp-image-558\" alt=\"\" src=\"http:\/\/lmteurope.biz\/wp-content\/uploads\/2023\/12\/law_00.jpg\" style=\"object-position:80% 38%\" data-object-fit=\"cover\" data-object-position=\"80% 38%\" srcset=\"https:\/\/lmteurope.biz\/wp-content\/uploads\/2023\/12\/law_00.jpg 2048w, https:\/\/lmteurope.biz\/wp-content\/uploads\/2023\/12\/law_00-300x122.jpg 300w, https:\/\/lmteurope.biz\/wp-content\/uploads\/2023\/12\/law_00-1024x418.jpg 1024w, https:\/\/lmteurope.biz\/wp-content\/uploads\/2023\/12\/law_00-768x314.jpg 768w, https:\/\/lmteurope.biz\/wp-content\/uploads\/2023\/12\/law_00-1536x627.jpg 1536w\" sizes=\"auto, (max-width: 2048px) 100vw, 2048px\" \/><div class=\"wp-block-cover__inner-container is-layout-constrained wp-block-cover-is-layout-constrained\">\n<h2 class=\"wp-block-heading alignwide has-text-align-left has-white-color has-text-color has-link-color wp-elements-c6aada28dbff55c8e6d1b86c5b57afaf\" style=\"font-size:40px\">Note Legali<\/h2>\n<\/div><\/div>\n\n\n\n<p><\/p>\n\n\n\n<p>Questo sito \u00e8 propriet\u00e0 di LMT Europe S.r.l. con sede legale in Milano, via De Angelis Michele 10.<\/p>\n\n\n\n<p>Il contenuto del sito \u00e8 di esclusiva propriet\u00e0 di LMT Europe S.r.l. i contenuti delle singole pagine non possono essere copiati, riprodotti, memorizzati, in tutto o in parte. Tuttavia qualora ci\u00f2 sia finalizzato esclusivamente all&#8217;uso personale, l&#8217;utente potr\u00e0 scaricare o copiare contenuti ed altri materiali scaricabili.<\/p>\n\n\n\n<p>In nessun caso LMT Europe S.r.l. sar\u00e0 responsabile verso alcuno per qualsiasi danno diretto, indiretto causato dall&#8217;utilizzo di materiale contenuto su questo sito.<\/p>\n\n\n\n<p>Si evidenzia che gli eventuali siti web, per i quali vengono forniti dei Link all&#8217;interno di questo sito, non sono soggetti al controllo di LMT Europe S.r.l.; l&#8217;esistenza del collegamento non costituisce peraltro accettazione integrale del contenuto di tale sito, pertanto LMT Europe S.r.l. non si assume alcuna responsabilit\u00e0 in relazione ai siti collegati tramite Link, ed al loro contenuto.<\/p>\n\n\n\n<p><strong>Disclaimer<\/strong><\/p>\n\n\n\n<p>Nonostante l&#8217;accuratezza e l&#8217;attenzione poste nella realizzazione, aggiornamento ed integrazione dei contenuti e delle informazioni presenti nel sito LMT Europe S.r.l., il medesimo ha scopi meramente divulgativi e conoscitivi; conseguentemente, tali contenuti ed informazioni possono contenere errori di editazione, inesattezze od incongruenze in relazione alle quali LMT Europe S.r.l. non fornisce alcuna garanzia &#8211; espressa o tacita &#8211; neppure a titolo di mero affidamento od aspettativa. In particolare, a titolo meramente esemplificativo e non limitativo, non viene fornita alcuna assicurazione o garanzia circa la loro completezza, esaustivit\u00e0 e rispondenza all&#8217;attuale organizzazione, struttura aziendale o tipologia, caratteristiche, commerciabilit\u00e0 od idoneit\u00e0 allo scopo dei prodotti, dei servizi e della attivit\u00e0 di LMT Europe S.r.l., la quale \u00e8 disponibile a fornire tutte le indicazioni del caso agli interessati.<\/p>\n\n\n\n<p>LMT Europe S.r.l. si riserva il diritto di apportare modifiche alle informazioni contenute nel proprio sito senza alcun preavviso, cos\u00ec come di variare e modificare i prodotti, i servizi e le attivit\u00e0 ivi descritte senza che ci\u00f2 faccia sorgere diritti di alcun genere in capo a terzi.<\/p>\n\n\n\n<p>L&#8217;accesso e l&#8217;utilizzo del sito LMT Europe S.r.l. presuppone e comporta che l&#8217;utente abbia verificato che ci\u00f2 non causi, anche indirettamente, malfunzionamenti alle infrastrutture informatiche utilizzate per la presenza di &#8220;virus informatici&#8221; o di altre cause non imputabili a LMT Europe S.r.l., la quale non risponder\u00e0 in alcun caso dei danni da ci\u00f2 eventualmente derivanti all&#8217;utente, ivi compresi danneggiamento del sistema informativo, perdita di dati, di programmi o di altre conseguenze negative quali perdite di profitto, di fatturato o indebita divulgazione di dati ed informazioni non autorizzate, anche nel caso in cui LMT Europe S.r.l. sia a conoscenza della eventualit\u00e0 &#8211; anche solo potenziale &#8211; del verificarsi di tali danni.<\/p>\n\n\n\n<p><strong>Marchi Registrati<\/strong><\/p>\n\n\n\n<p>Tutti gli eventuali marchi registrati riportati nel presente sito appartengono ai rispettivi proprietari.<\/p>\n","protected":false},"excerpt":{"rendered":"<p>Questo sito \u00e8 propriet\u00e0 di LMT Europe S.r.l. con sede legale in Milano, via De Angelis Michele 10. Il contenuto del sito \u00e8 di esclusiva propriet\u00e0 di LMT Europe S.r.l. i contenuti delle singole pagine non possono essere copiati, riprodotti, memorizzati, in tutto o in parte. Tuttavia qualora ci\u00f2 sia finalizzato esclusivamente all&#8217;uso personale, l&#8217;utente [&hellip;]<\/p>\n","protected":false},"author":1,"featured_media":0,"parent":0,"menu_order":0,"comment_status":"closed","ping_status":"closed","template":"","meta":{"ocean_post_layout":"","ocean_both_sidebars_style":"","ocean_both_sidebars_content_width":0,"ocean_both_sidebars_sidebars_width":0,"ocean_sidebar":"","ocean_second_sidebar":"","ocean_disable_margins":"enable","ocean_add_body_class":"","ocean_shortcode_before_top_bar":"","ocean_shortcode_after_top_bar":"","ocean_shortcode_before_header":"","ocean_shortcode_after_header":"","ocean_has_shortcode":"","ocean_shortcode_after_title":"","ocean_shortcode_before_footer_widgets":"","ocean_shortcode_after_footer_widgets":"","ocean_shortcode_before_footer_bottom":"","ocean_shortcode_after_footer_bottom":"","ocean_display_top_bar":"default","ocean_display_header":"default","ocean_header_style":"","ocean_center_header_left_menu":"","ocean_custom_header_template":"","ocean_custom_logo":0,"ocean_custom_retina_logo":0,"ocean_custom_logo_max_width":0,"ocean_custom_logo_tablet_max_width":0,"ocean_custom_logo_mobile_max_width":0,"ocean_custom_logo_max_height":0,"ocean_custom_logo_tablet_max_height":0,"ocean_custom_logo_mobile_max_height":0,"ocean_header_custom_menu":"","ocean_menu_typo_font_family":"","ocean_menu_typo_font_subset":"","ocean_menu_typo_font_size":0,"ocean_menu_typo_font_size_tablet":0,"ocean_menu_typo_font_size_mobile":0,"ocean_menu_typo_font_size_unit":"px","ocean_menu_typo_font_weight":"","ocean_menu_typo_font_weight_tablet":"","ocean_menu_typo_font_weight_mobile":"","ocean_menu_typo_transform":"","ocean_menu_typo_transform_tablet":"","ocean_menu_typo_transform_mobile":"","ocean_menu_typo_line_height":0,"ocean_menu_typo_line_height_tablet":0,"ocean_menu_typo_line_height_mobile":0,"ocean_menu_typo_line_height_unit":"","ocean_menu_typo_spacing":0,"ocean_menu_typo_spacing_tablet":0,"ocean_menu_typo_spacing_mobile":0,"ocean_menu_typo_spacing_unit":"","ocean_menu_link_color":"","ocean_menu_link_color_hover":"","ocean_menu_link_color_active":"","ocean_menu_link_background":"","ocean_menu_link_hover_background":"","ocean_menu_link_active_background":"","ocean_menu_social_links_bg":"","ocean_menu_social_hover_links_bg":"","ocean_menu_social_links_color":"","ocean_menu_social_hover_links_color":"","ocean_disable_title":"default","ocean_disable_heading":"default","ocean_post_title":"","ocean_post_subheading":"","ocean_post_title_style":"","ocean_post_title_background_color":"","ocean_post_title_background":0,"ocean_post_title_bg_image_position":"","ocean_post_title_bg_image_attachment":"","ocean_post_title_bg_image_repeat":"","ocean_post_title_bg_image_size":"","ocean_post_title_height":0,"ocean_post_title_bg_overlay":0.5,"ocean_post_title_bg_overlay_color":"","ocean_disable_breadcrumbs":"default","ocean_breadcrumbs_color":"","ocean_breadcrumbs_separator_color":"","ocean_breadcrumbs_links_color":"","ocean_breadcrumbs_links_hover_color":"","ocean_display_footer_widgets":"default","ocean_display_footer_bottom":"default","ocean_custom_footer_template":"","footnotes":""},"class_list":["post-559","page","type-page","status-publish","hentry","entry"],"_links":{"self":[{"href":"https:\/\/lmteurope.biz\/index.php\/wp-json\/wp\/v2\/pages\/559","targetHints":{"allow":["GET"]}}],"collection":[{"href":"https:\/\/lmteurope.biz\/index.php\/wp-json\/wp\/v2\/pages"}],"about":[{"href":"https:\/\/lmteurope.biz\/index.php\/wp-json\/wp\/v2\/types\/page"}],"author":[{"embeddable":true,"href":"https:\/\/lmteurope.biz\/index.php\/wp-json\/wp\/v2\/users\/1"}],"replies":[{"embeddable":true,"href":"https:\/\/lmteurope.biz\/index.php\/wp-json\/wp\/v2\/comments?post=559"}],"version-history":[{"count":11,"href":"https:\/\/lmteurope.biz\/index.php\/wp-json\/wp\/v2\/pages\/559\/revisions"}],"predecessor-version":[{"id":571,"href":"https:\/\/lmteurope.biz\/index.php\/wp-json\/wp\/v2\/pages\/559\/revisions\/571"}],"wp:attachment":[{"href":"https:\/\/lmteurope.biz\/index.php\/wp-json\/wp\/v2\/media?parent=559"}],"curies":[{"name":"wp","href":"https:\/\/api.w.org\/{rel}","templated":true}]}}